{"id":481,"date":"2024-07-12T10:30:52","date_gmt":"2024-07-12T13:30:52","guid":{"rendered":"https:\/\/www.lys.academy\/site\/?page_id=481"},"modified":"2024-08-27T14:15:05","modified_gmt":"2024-08-27T17:15:05","slug":"contato","status":"publish","type":"page","link":"https:\/\/www.lys.academy\/site\/contato\/","title":{"rendered":"Contato"},"content":{"rendered":"\t\t<div data-elementor-type=\"wp-page\" data-elementor-id=\"481\" class=\"elementor elementor-481\" data-elementor-post-type=\"page\">\n\t\t\t\t<div class=\"elementor-element elementor-element-f97e4af e-flex e-con-boxed e-con e-parent\" data-id=\"f97e4af\" data-element_type=\"container\" data-settings=\"{&quot;background_background&quot;:&quot;gradient&quot;}\">\n\t\t\t\t\t<div class=\"e-con-inner\">\n\t\t\t\t<div class=\"elementor-element elementor-element-0a893e7 elementor-widget__width-inherit elementor-widget elementor-widget-heading\" data-id=\"0a893e7\" data-element_type=\"widget\" data-widget_type=\"heading.default\">\n\t\t\t\t<div class=\"elementor-widget-container\">\n\t\t\t\t\t<h2 class=\"elementor-heading-title elementor-size-default\">Contato<\/h2>\t\t\t\t<\/div>\n\t\t\t\t<\/div>\n\t\t\t\t\t<\/div>\n\t\t\t\t<\/div>\n\t\t<div class=\"elementor-element elementor-element-441cff6 e-flex e-con-boxed e-con e-parent\" data-id=\"441cff6\" data-element_type=\"container\">\n\t\t\t\t\t<div class=\"e-con-inner\">\n\t\t<div class=\"elementor-element elementor-element-597e4c2 e-con-full e-flex e-con e-child\" data-id=\"597e4c2\" data-element_type=\"container\">\n\t\t\t\t<div class=\"elementor-element elementor-element-cb1e7de elementor-widget__width-inherit elementor-widget-tablet__width-inherit elementor-widget elementor-widget-image-box\" data-id=\"cb1e7de\" data-element_type=\"widget\" data-widget_type=\"image-box.default\">\n\t\t\t\t<div class=\"elementor-widget-container\">\n\t\t\t\t\t<div class=\"elementor-image-box-wrapper\"><div class=\"elementor-image-box-content\"><h3 class=\"elementor-image-box-title\">Lys Academy Brasil<\/h3><\/div><\/div>\t\t\t\t<\/div>\n\t\t\t\t<\/div>\n\t\t\t\t<div class=\"elementor-element elementor-element-6a3e539 elementor-position-left elementor-view-default elementor-mobile-position-top elementor-widget elementor-widget-icon-box\" data-id=\"6a3e539\" data-element_type=\"widget\" data-widget_type=\"icon-box.default\">\n\t\t\t\t<div class=\"elementor-widget-container\">\n\t\t\t\t\t\t\t<div class=\"elementor-icon-box-wrapper\">\n\n\t\t\t\t\t\t<div class=\"elementor-icon-box-icon\">\n\t\t\t\t<span  class=\"elementor-icon\">\n\t\t\t\t<svg xmlns=\"http:\/\/www.w3.org\/2000\/svg\" viewBox=\"0 0 38 38\" width=\"38\" height=\"38\"><title>icon1<\/title><defs><linearGradient id=\"g1\" x2=\"1\" gradientUnits=\"userSpaceOnUse\" gradientTransform=\"matrix(34.943,38.809,-38.809,34.943,20.85,-17.882)\"><stop offset=\"0\" stop-color=\"#00a8e8\"><\/stop><stop offset=\"1\" stop-color=\"#061f70\"><\/stop><\/linearGradient><\/defs><style>\t\t.s0 { fill: url(#g1) } \t\t.s1 { fill: #ffffff } \t<\/style><g id=\"icon1\"><path id=\"&lt;Path&gt;\" class=\"s0\" d=\"m18.9 37.5c-10.2 0-18.5-8.3-18.5-18.5 0-10.2 8.3-18.5 18.5-18.5 10.2 0 18.5 8.3 18.5 18.5 0 10.2-8.3 18.5-18.5 18.5z\"><\/path><g id=\"&lt;Group&gt;\"><g id=\"&lt;Group&gt;\"><path id=\"&lt;Compound Path&gt;\" fill-rule=\"evenodd\" class=\"s1\" d=\"m29.9 17.7c0 6-4.9 11-11 11-2 0-3.9-0.6-5.7-1.6l-4.3 1.4c-0.2 0-0.3 0-0.4-0.1-0.1-0.2-0.2-0.3-0.1-0.5 0 0 0.7-2.9 1.2-4.4-1.1-1.7-1.7-3.8-1.7-5.8 0-6.1 4.9-11 11-11 6.1 0 11 4.9 11 11zm-0.8 0c0-5.6-4.6-10.2-10.2-10.2-5.6 0-10.1 4.6-10.1 10.2 0 1.9 0.5 3.9 1.6 5.5q0.1 0.2 0 0.4c-0.2 1-0.7 2.8-1 3.8l3.8-1.2q0 0 0.1 0 0.1 0 0.2 0.1c1.6 1 3.5 1.5 5.4 1.5 5.6 0 10.2-4.5 10.2-10.1z\"><\/path><path id=\"&lt;Compound Path&gt;\" fill-rule=\"evenodd\" class=\"s1\" d=\"m26.3 20.7q-0.6 3.6-4.2 3.6-0.6 0-1.3-0.1c-4.1-0.6-7.4-4.4-8.6-7.6-1.2-3 1.2-5.5 1.3-5.6q0.1-0.1 0.3-0.1 1.2-0.2 1.6 0.1c0.3 0.3 1.6 2.7 1.6 3.3 0 0.6-0.3 1.1-1 1.8 0.1 0.7 0.8 1.6 2 2.6 1.2 1 2.4 1.7 2.6 1.7 0.2 0 1-0.8 1.6-1.7q0 0 0-0.1c0.2-0.1 0.6-0.3 1.1 0q0.3 0.1 0.9 0.5c0.5 0.3 1.1 0.7 1.9 1.2 0.2 0.1 0.2 0.2 0.2 0.4zm-0.9 0.2c-0.7-0.4-1.2-0.8-1.7-1.1-0.3-0.2-0.6-0.4-0.7-0.5q-0.2 0-0.2 0c-0.5 0.8-1.5 2-2.2 2-0.8 0-5.5-3.1-5.5-5.3q0-0.2 0.1-0.3c0.9-0.9 1-1.2 1-1.4-0.1-0.3-1.1-2.2-1.4-2.6-0.1-0.1-0.4 0-0.7 0-0.4 0.5-2 2.4-1.1 4.6 0.8 2.1 3.5 6.4 7.9 7.1 3.3 0.5 4.2-1 4.5-2.5z\"><\/path><\/g><\/g><\/g><\/svg>\t\t\t\t<\/span>\n\t\t\t<\/div>\n\t\t\t\n\t\t\t\t\t\t<div class=\"elementor-icon-box-content\">\n\n\t\t\t\t\t\t\t\t\t<h3 class=\"elementor-icon-box-title\">\n\t\t\t\t\t\t<span  >\n\t\t\t\t\t\t\tWhatsApp\t\t\t\t\t\t<\/span>\n\t\t\t\t\t<\/h3>\n\t\t\t\t\n\t\t\t\t\t\t\t\t\t<p class=\"elementor-icon-box-description\">\n\t\t\t\t\t\t(11) 98512-0202\t\t\t\t\t<\/p>\n\t\t\t\t\n\t\t\t<\/div>\n\t\t\t\n\t\t<\/div>\n\t\t\t\t\t\t<\/div>\n\t\t\t\t<\/div>\n\t\t\t\t<div class=\"elementor-element elementor-element-00a61d0 elementor-position-left elementor-view-default elementor-mobile-position-top elementor-widget elementor-widget-icon-box\" data-id=\"00a61d0\" data-element_type=\"widget\" data-widget_type=\"icon-box.default\">\n\t\t\t\t<div class=\"elementor-widget-container\">\n\t\t\t\t\t\t\t<div class=\"elementor-icon-box-wrapper\">\n\n\t\t\t\t\t\t<div class=\"elementor-icon-box-icon\">\n\t\t\t\t<span  class=\"elementor-icon\">\n\t\t\t\t<svg xmlns=\"http:\/\/www.w3.org\/2000\/svg\" viewBox=\"0 0 38 38\" width=\"38\" height=\"38\"><title>icon2<\/title><defs><linearGradient id=\"g1\" x2=\"1\" gradientUnits=\"userSpaceOnUse\" gradientTransform=\"matrix(34.943,38.809,-38.809,34.943,20.85,-17.427)\"><stop offset=\"0\" stop-color=\"#00a8e8\"><\/stop><stop offset=\"1\" stop-color=\"#061f70\"><\/stop><\/linearGradient><\/defs><style>\t\t.s0 { fill: url(#g1) } \t\t.s1 { fill: #ffffff } \t<\/style><g id=\"icon2\"><path id=\"&lt;Path&gt;\" class=\"s0\" d=\"m18.9 37.9c-10.2 0-18.5-8.2-18.5-18.5 0-10.2 8.3-18.4 18.5-18.4 10.2 0 18.5 8.2 18.5 18.4 0 10.3-8.3 18.5-18.5 18.5z\"><\/path><g id=\"&lt;Group&gt;\"><path id=\"&lt;Compound Path&gt;\" fill-rule=\"evenodd\" class=\"s1\" d=\"m30.8 12.7v13.5c0 0.6-0.5 1.2-1.2 1.2h-21.4c-0.7 0-1.2-0.6-1.2-1.2v-13.5c0-0.6 0.5-1.2 1.2-1.2h21.4c0.7 0 1.2 0.6 1.2 1.2zm-22.1-0.3l9.5 7.2c0.2 0.1 0.4 0.2 0.7 0.2 0.3 0 0.5-0.1 0.7-0.2l9.6-7.2zm15.4 7c0.2-0.2 0.5-0.1 0.7 0.1l5.1 6.3v-12.8l-9.7 7.3c-0.4 0.3-0.9 0.4-1.3 0.4-0.4 0-0.9-0.1-1.3-0.4l-9.7-7.3v12.8l5.1-6.3c0.2-0.2 0.5-0.3 0.7-0.1 0.2 0.2 0.2 0.4 0.1 0.6l-5.2 6.5q-0.1 0-0.1 0h20.8q-0.1 0-0.1 0l-5.2-6.5c-0.1-0.2-0.1-0.4 0.1-0.6z\"><\/path><\/g><\/g><\/svg>\t\t\t\t<\/span>\n\t\t\t<\/div>\n\t\t\t\n\t\t\t\t\t\t<div class=\"elementor-icon-box-content\">\n\n\t\t\t\t\t\t\t\t\t<h3 class=\"elementor-icon-box-title\">\n\t\t\t\t\t\t<span  >\n\t\t\t\t\t\t\tE-mail\t\t\t\t\t\t<\/span>\n\t\t\t\t\t<\/h3>\n\t\t\t\t\n\t\t\t\t\t\t\t\t\t<p class=\"elementor-icon-box-description\">\n\t\t\t\t\t\tcomercial@www.lys.academy\t\t\t\t\t<\/p>\n\t\t\t\t\n\t\t\t<\/div>\n\t\t\t\n\t\t<\/div>\n\t\t\t\t\t\t<\/div>\n\t\t\t\t<\/div>\n\t\t\t\t<div class=\"elementor-element elementor-element-eaed580 elementor-position-left elementor-widget-tablet__width-initial elementor-view-default elementor-mobile-position-top elementor-widget elementor-widget-icon-box\" data-id=\"eaed580\" data-element_type=\"widget\" data-widget_type=\"icon-box.default\">\n\t\t\t\t<div class=\"elementor-widget-container\">\n\t\t\t\t\t\t\t<div class=\"elementor-icon-box-wrapper\">\n\n\t\t\t\t\t\t<div class=\"elementor-icon-box-icon\">\n\t\t\t\t<span  class=\"elementor-icon\">\n\t\t\t\t<svg xmlns=\"http:\/\/www.w3.org\/2000\/svg\" viewBox=\"0 0 38 38\" width=\"38\" height=\"38\"><title>icon2<\/title><defs><linearGradient id=\"g1\" x2=\"1\" gradientUnits=\"userSpaceOnUse\" gradientTransform=\"matrix(34.943,38.809,-38.809,34.943,20.85,-17.427)\"><stop offset=\"0\" stop-color=\"#00a8e8\"><\/stop><stop offset=\"1\" stop-color=\"#061f70\"><\/stop><\/linearGradient><\/defs><style>\t\t.s0 { fill: url(#g1) } \t\t.s1 { fill: #ffffff } \t<\/style><g id=\"icon2\"><path id=\"&lt;Path&gt;\" class=\"s0\" d=\"m18.9 37.9c-10.2 0-18.5-8.2-18.5-18.5 0-10.2 8.3-18.4 18.5-18.4 10.2 0 18.5 8.2 18.5 18.4 0 10.3-8.3 18.5-18.5 18.5z\"><\/path><g id=\"&lt;Group&gt;\"><path id=\"&lt;Compound Path&gt;\" fill-rule=\"evenodd\" class=\"s1\" d=\"m30.8 12.7v13.5c0 0.6-0.5 1.2-1.2 1.2h-21.4c-0.7 0-1.2-0.6-1.2-1.2v-13.5c0-0.6 0.5-1.2 1.2-1.2h21.4c0.7 0 1.2 0.6 1.2 1.2zm-22.1-0.3l9.5 7.2c0.2 0.1 0.4 0.2 0.7 0.2 0.3 0 0.5-0.1 0.7-0.2l9.6-7.2zm15.4 7c0.2-0.2 0.5-0.1 0.7 0.1l5.1 6.3v-12.8l-9.7 7.3c-0.4 0.3-0.9 0.4-1.3 0.4-0.4 0-0.9-0.1-1.3-0.4l-9.7-7.3v12.8l5.1-6.3c0.2-0.2 0.5-0.3 0.7-0.1 0.2 0.2 0.2 0.4 0.1 0.6l-5.2 6.5q-0.1 0-0.1 0h20.8q-0.1 0-0.1 0l-5.2-6.5c-0.1-0.2-0.1-0.4 0.1-0.6z\"><\/path><\/g><\/g><\/svg>\t\t\t\t<\/span>\n\t\t\t<\/div>\n\t\t\t\n\t\t\t\t\t\t<div class=\"elementor-icon-box-content\">\n\n\t\t\t\t\t\t\t\t\t<h3 class=\"elementor-icon-box-title\">\n\t\t\t\t\t\t<span  >\n\t\t\t\t\t\t\tEndere\u00e7o\t\t\t\t\t\t<\/span>\n\t\t\t\t\t<\/h3>\n\t\t\t\t\n\t\t\t\t\t\t\t\t\t<p class=\"elementor-icon-box-description\">\n\t\t\t\t\t\tRua M\u00e1rio de Alencar 239, Vila Madalena.\nCEP 05436-090 \u2013 S\u00e3o Paulo \u2013 Brasil\t\t\t\t\t<\/p>\n\t\t\t\t\n\t\t\t<\/div>\n\t\t\t\n\t\t<\/div>\n\t\t\t\t\t\t<\/div>\n\t\t\t\t<\/div>\n\t\t\t\t<\/div>\n\t\t<div class=\"elementor-element elementor-element-f32755d e-con-full e-flex e-con e-child\" data-id=\"f32755d\" data-element_type=\"container\">\n\t\t\t\t<div class=\"elementor-element elementor-element-abf7966 elementor-widget elementor-widget-google_maps\" data-id=\"abf7966\" data-element_type=\"widget\" data-widget_type=\"google_maps.default\">\n\t\t\t\t<div class=\"elementor-widget-container\">\n\t\t\t\t\t\t\t<div class=\"elementor-custom-embed\">\n\t\t\t<iframe loading=\"lazy\"\n\t\t\t\t\tsrc=\"https:\/\/maps.google.com\/maps?q=Rua%20M%C3%A1rio%20de%20Alencar%20239%2C%20Vila%20Madalena.%20S%C3%A3o%20Paulo%20%E2%80%93%20Brasil&#038;t=m&#038;z=10&#038;output=embed&#038;iwloc=near\"\n\t\t\t\t\ttitle=\"Rua M\u00e1rio de Alencar 239, Vila Madalena. S\u00e3o Paulo \u2013 Brasil\"\n\t\t\t\t\taria-label=\"Rua M\u00e1rio de Alencar 239, Vila Madalena. S\u00e3o Paulo \u2013 Brasil\"\n\t\t\t><\/iframe>\n\t\t<\/div>\n\t\t\t\t\t\t<\/div>\n\t\t\t\t<\/div>\n\t\t\t\t<\/div>\n\t\t\t\t\t<\/div>\n\t\t\t\t<\/div>\n\t\t<div class=\"elementor-element elementor-element-4a3d985 e-flex e-con-boxed e-con e-parent\" data-id=\"4a3d985\" data-element_type=\"container\">\n\t\t\t\t\t<div class=\"e-con-inner\">\n\t\t<div class=\"elementor-element elementor-element-a20f6e4 e-con-full e-flex e-con e-child\" data-id=\"a20f6e4\" data-element_type=\"container\">\n\t\t\t\t<div class=\"elementor-element elementor-element-2ae22f8 elementor-widget__width-inherit elementor-widget-tablet__width-inherit elementor-widget elementor-widget-image-box\" data-id=\"2ae22f8\" data-element_type=\"widget\" data-widget_type=\"image-box.default\">\n\t\t\t\t<div class=\"elementor-widget-container\">\n\t\t\t\t\t<div class=\"elementor-image-box-wrapper\"><div class=\"elementor-image-box-content\"><h3 class=\"elementor-image-box-title\">Lys Academy M\u00e9xico<\/h3><\/div><\/div>\t\t\t\t<\/div>\n\t\t\t\t<\/div>\n\t\t\t\t<div class=\"elementor-element elementor-element-6929bfc elementor-position-left elementor-view-default elementor-mobile-position-top elementor-widget elementor-widget-icon-box\" data-id=\"6929bfc\" data-element_type=\"widget\" data-widget_type=\"icon-box.default\">\n\t\t\t\t<div class=\"elementor-widget-container\">\n\t\t\t\t\t\t\t<div class=\"elementor-icon-box-wrapper\">\n\n\t\t\t\t\t\t<div class=\"elementor-icon-box-icon\">\n\t\t\t\t<span  class=\"elementor-icon\">\n\t\t\t\t<svg xmlns=\"http:\/\/www.w3.org\/2000\/svg\" viewBox=\"0 0 38 38\" width=\"38\" height=\"38\"><title>icon1<\/title><defs><linearGradient id=\"g1\" x2=\"1\" gradientUnits=\"userSpaceOnUse\" gradientTransform=\"matrix(34.943,38.809,-38.809,34.943,20.85,-17.882)\"><stop offset=\"0\" stop-color=\"#00a8e8\"><\/stop><stop offset=\"1\" stop-color=\"#061f70\"><\/stop><\/linearGradient><\/defs><style>\t\t.s0 { fill: url(#g1) } \t\t.s1 { fill: #ffffff } \t<\/style><g id=\"icon1\"><path id=\"&lt;Path&gt;\" class=\"s0\" d=\"m18.9 37.5c-10.2 0-18.5-8.3-18.5-18.5 0-10.2 8.3-18.5 18.5-18.5 10.2 0 18.5 8.3 18.5 18.5 0 10.2-8.3 18.5-18.5 18.5z\"><\/path><g id=\"&lt;Group&gt;\"><g id=\"&lt;Group&gt;\"><path id=\"&lt;Compound Path&gt;\" fill-rule=\"evenodd\" class=\"s1\" d=\"m29.9 17.7c0 6-4.9 11-11 11-2 0-3.9-0.6-5.7-1.6l-4.3 1.4c-0.2 0-0.3 0-0.4-0.1-0.1-0.2-0.2-0.3-0.1-0.5 0 0 0.7-2.9 1.2-4.4-1.1-1.7-1.7-3.8-1.7-5.8 0-6.1 4.9-11 11-11 6.1 0 11 4.9 11 11zm-0.8 0c0-5.6-4.6-10.2-10.2-10.2-5.6 0-10.1 4.6-10.1 10.2 0 1.9 0.5 3.9 1.6 5.5q0.1 0.2 0 0.4c-0.2 1-0.7 2.8-1 3.8l3.8-1.2q0 0 0.1 0 0.1 0 0.2 0.1c1.6 1 3.5 1.5 5.4 1.5 5.6 0 10.2-4.5 10.2-10.1z\"><\/path><path id=\"&lt;Compound Path&gt;\" fill-rule=\"evenodd\" class=\"s1\" d=\"m26.3 20.7q-0.6 3.6-4.2 3.6-0.6 0-1.3-0.1c-4.1-0.6-7.4-4.4-8.6-7.6-1.2-3 1.2-5.5 1.3-5.6q0.1-0.1 0.3-0.1 1.2-0.2 1.6 0.1c0.3 0.3 1.6 2.7 1.6 3.3 0 0.6-0.3 1.1-1 1.8 0.1 0.7 0.8 1.6 2 2.6 1.2 1 2.4 1.7 2.6 1.7 0.2 0 1-0.8 1.6-1.7q0 0 0-0.1c0.2-0.1 0.6-0.3 1.1 0q0.3 0.1 0.9 0.5c0.5 0.3 1.1 0.7 1.9 1.2 0.2 0.1 0.2 0.2 0.2 0.4zm-0.9 0.2c-0.7-0.4-1.2-0.8-1.7-1.1-0.3-0.2-0.6-0.4-0.7-0.5q-0.2 0-0.2 0c-0.5 0.8-1.5 2-2.2 2-0.8 0-5.5-3.1-5.5-5.3q0-0.2 0.1-0.3c0.9-0.9 1-1.2 1-1.4-0.1-0.3-1.1-2.2-1.4-2.6-0.1-0.1-0.4 0-0.7 0-0.4 0.5-2 2.4-1.1 4.6 0.8 2.1 3.5 6.4 7.9 7.1 3.3 0.5 4.2-1 4.5-2.5z\"><\/path><\/g><\/g><\/g><\/svg>\t\t\t\t<\/span>\n\t\t\t<\/div>\n\t\t\t\n\t\t\t\t\t\t<div class=\"elementor-icon-box-content\">\n\n\t\t\t\t\t\t\t\t\t<h3 class=\"elementor-icon-box-title\">\n\t\t\t\t\t\t<span  >\n\t\t\t\t\t\t\tWhatsApp\t\t\t\t\t\t<\/span>\n\t\t\t\t\t<\/h3>\n\t\t\t\t\n\t\t\t\t\t\t\t\t\t<p class=\"elementor-icon-box-description\">\n\t\t\t\t\t\t\n(52) 15579062338\t\t\t\t\t<\/p>\n\t\t\t\t\n\t\t\t<\/div>\n\t\t\t\n\t\t<\/div>\n\t\t\t\t\t\t<\/div>\n\t\t\t\t<\/div>\n\t\t\t\t<div class=\"elementor-element elementor-element-bca37ff elementor-position-left elementor-view-default elementor-mobile-position-top elementor-widget elementor-widget-icon-box\" data-id=\"bca37ff\" data-element_type=\"widget\" data-widget_type=\"icon-box.default\">\n\t\t\t\t<div class=\"elementor-widget-container\">\n\t\t\t\t\t\t\t<div class=\"elementor-icon-box-wrapper\">\n\n\t\t\t\t\t\t<div class=\"elementor-icon-box-icon\">\n\t\t\t\t<span  class=\"elementor-icon\">\n\t\t\t\t<svg xmlns=\"http:\/\/www.w3.org\/2000\/svg\" viewBox=\"0 0 38 38\" width=\"38\" height=\"38\"><title>icon2<\/title><defs><linearGradient id=\"g1\" x2=\"1\" gradientUnits=\"userSpaceOnUse\" gradientTransform=\"matrix(34.943,38.809,-38.809,34.943,20.85,-17.427)\"><stop offset=\"0\" stop-color=\"#00a8e8\"><\/stop><stop offset=\"1\" stop-color=\"#061f70\"><\/stop><\/linearGradient><\/defs><style>\t\t.s0 { fill: url(#g1) } \t\t.s1 { fill: #ffffff } \t<\/style><g id=\"icon2\"><path id=\"&lt;Path&gt;\" class=\"s0\" d=\"m18.9 37.9c-10.2 0-18.5-8.2-18.5-18.5 0-10.2 8.3-18.4 18.5-18.4 10.2 0 18.5 8.2 18.5 18.4 0 10.3-8.3 18.5-18.5 18.5z\"><\/path><g id=\"&lt;Group&gt;\"><path id=\"&lt;Compound Path&gt;\" fill-rule=\"evenodd\" class=\"s1\" d=\"m30.8 12.7v13.5c0 0.6-0.5 1.2-1.2 1.2h-21.4c-0.7 0-1.2-0.6-1.2-1.2v-13.5c0-0.6 0.5-1.2 1.2-1.2h21.4c0.7 0 1.2 0.6 1.2 1.2zm-22.1-0.3l9.5 7.2c0.2 0.1 0.4 0.2 0.7 0.2 0.3 0 0.5-0.1 0.7-0.2l9.6-7.2zm15.4 7c0.2-0.2 0.5-0.1 0.7 0.1l5.1 6.3v-12.8l-9.7 7.3c-0.4 0.3-0.9 0.4-1.3 0.4-0.4 0-0.9-0.1-1.3-0.4l-9.7-7.3v12.8l5.1-6.3c0.2-0.2 0.5-0.3 0.7-0.1 0.2 0.2 0.2 0.4 0.1 0.6l-5.2 6.5q-0.1 0-0.1 0h20.8q-0.1 0-0.1 0l-5.2-6.5c-0.1-0.2-0.1-0.4 0.1-0.6z\"><\/path><\/g><\/g><\/svg>\t\t\t\t<\/span>\n\t\t\t<\/div>\n\t\t\t\n\t\t\t\t\t\t<div class=\"elementor-icon-box-content\">\n\n\t\t\t\t\t\t\t\t\t<h3 class=\"elementor-icon-box-title\">\n\t\t\t\t\t\t<span  >\n\t\t\t\t\t\t\tE-mail\t\t\t\t\t\t<\/span>\n\t\t\t\t\t<\/h3>\n\t\t\t\t\n\t\t\t\t\t\t\t\t\t<p class=\"elementor-icon-box-description\">\n\t\t\t\t\t\tcomercial.mx@www.lys.academy\t\t\t\t\t<\/p>\n\t\t\t\t\n\t\t\t<\/div>\n\t\t\t\n\t\t<\/div>\n\t\t\t\t\t\t<\/div>\n\t\t\t\t<\/div>\n\t\t\t\t<div class=\"elementor-element elementor-element-bdfcc4d elementor-position-left elementor-view-default elementor-mobile-position-top elementor-widget elementor-widget-icon-box\" data-id=\"bdfcc4d\" data-element_type=\"widget\" data-widget_type=\"icon-box.default\">\n\t\t\t\t<div class=\"elementor-widget-container\">\n\t\t\t\t\t\t\t<div class=\"elementor-icon-box-wrapper\">\n\n\t\t\t\t\t\t<div class=\"elementor-icon-box-icon\">\n\t\t\t\t<span  class=\"elementor-icon\">\n\t\t\t\t<svg xmlns=\"http:\/\/www.w3.org\/2000\/svg\" viewBox=\"0 0 38 38\" width=\"38\" height=\"38\"><title>icon2<\/title><defs><linearGradient id=\"g1\" x2=\"1\" gradientUnits=\"userSpaceOnUse\" gradientTransform=\"matrix(34.943,38.809,-38.809,34.943,20.85,-17.427)\"><stop offset=\"0\" stop-color=\"#00a8e8\"><\/stop><stop offset=\"1\" stop-color=\"#061f70\"><\/stop><\/linearGradient><\/defs><style>\t\t.s0 { fill: url(#g1) } \t\t.s1 { fill: #ffffff } \t<\/style><g id=\"icon2\"><path id=\"&lt;Path&gt;\" class=\"s0\" d=\"m18.9 37.9c-10.2 0-18.5-8.2-18.5-18.5 0-10.2 8.3-18.4 18.5-18.4 10.2 0 18.5 8.2 18.5 18.4 0 10.3-8.3 18.5-18.5 18.5z\"><\/path><g id=\"&lt;Group&gt;\"><path id=\"&lt;Compound Path&gt;\" fill-rule=\"evenodd\" class=\"s1\" d=\"m30.8 12.7v13.5c0 0.6-0.5 1.2-1.2 1.2h-21.4c-0.7 0-1.2-0.6-1.2-1.2v-13.5c0-0.6 0.5-1.2 1.2-1.2h21.4c0.7 0 1.2 0.6 1.2 1.2zm-22.1-0.3l9.5 7.2c0.2 0.1 0.4 0.2 0.7 0.2 0.3 0 0.5-0.1 0.7-0.2l9.6-7.2zm15.4 7c0.2-0.2 0.5-0.1 0.7 0.1l5.1 6.3v-12.8l-9.7 7.3c-0.4 0.3-0.9 0.4-1.3 0.4-0.4 0-0.9-0.1-1.3-0.4l-9.7-7.3v12.8l5.1-6.3c0.2-0.2 0.5-0.3 0.7-0.1 0.2 0.2 0.2 0.4 0.1 0.6l-5.2 6.5q-0.1 0-0.1 0h20.8q-0.1 0-0.1 0l-5.2-6.5c-0.1-0.2-0.1-0.4 0.1-0.6z\"><\/path><\/g><\/g><\/svg>\t\t\t\t<\/span>\n\t\t\t<\/div>\n\t\t\t\n\t\t\t\t\t\t<div class=\"elementor-icon-box-content\">\n\n\t\t\t\t\t\t\t\t\t<h3 class=\"elementor-icon-box-title\">\n\t\t\t\t\t\t<span  >\n\t\t\t\t\t\t\tEndere\u00e7o\t\t\t\t\t\t<\/span>\n\t\t\t\t\t<\/h3>\n\t\t\t\t\n\t\t\t\t\t\t\t\t\t<p class=\"elementor-icon-box-description\">\n\t\t\t\t\t\tAv. San Bernab\u00e9 906, San Jer\u00f3nimo L\u00eddice.\nCP 10200 \u2013 Ciudad de M\u00e9xico \u2013 M\u00e9xico\t\t\t\t\t<\/p>\n\t\t\t\t\n\t\t\t<\/div>\n\t\t\t\n\t\t<\/div>\n\t\t\t\t\t\t<\/div>\n\t\t\t\t<\/div>\n\t\t\t\t<\/div>\n\t\t<div class=\"elementor-element elementor-element-68bb28d e-con-full e-flex e-con e-child\" data-id=\"68bb28d\" data-element_type=\"container\">\n\t\t\t\t<div class=\"elementor-element elementor-element-e15d306 elementor-widget elementor-widget-google_maps\" data-id=\"e15d306\" data-element_type=\"widget\" data-widget_type=\"google_maps.default\">\n\t\t\t\t<div class=\"elementor-widget-container\">\n\t\t\t\t\t\t\t<div class=\"elementor-custom-embed\">\n\t\t\t<iframe loading=\"lazy\"\n\t\t\t\t\tsrc=\"https:\/\/maps.google.com\/maps?q=Av.%20San%20Bernab%C3%A9%20906%2C%20San%20Jer%C3%B3nimo%20L%C3%ADdice.%20CP%2010200%20%E2%80%93%20Ciudad%20de%20M%C3%A9xico%20%E2%80%93%20M%C3%A9xico&#038;t=m&#038;z=10&#038;output=embed&#038;iwloc=near\"\n\t\t\t\t\ttitle=\"Av. San Bernab\u00e9 906, San Jer\u00f3nimo L\u00eddice. CP 10200 \u2013 Ciudad de M\u00e9xico \u2013 M\u00e9xico\"\n\t\t\t\t\taria-label=\"Av. San Bernab\u00e9 906, San Jer\u00f3nimo L\u00eddice. CP 10200 \u2013 Ciudad de M\u00e9xico \u2013 M\u00e9xico\"\n\t\t\t><\/iframe>\n\t\t<\/div>\n\t\t\t\t\t\t<\/div>\n\t\t\t\t<\/div>\n\t\t\t\t<\/div>\n\t\t\t\t\t<\/div>\n\t\t\t\t<\/div>\n\t\t<div class=\"elementor-element elementor-element-0b40490 e-flex e-con-boxed e-con e-parent\" data-id=\"0b40490\" data-element_type=\"container\">\n\t\t\t\t\t<div class=\"e-con-inner\">\n\t\t\t\t<div class=\"elementor-element elementor-element-8c2d485 elementor-widget-divider--view-line elementor-widget elementor-widget-divider\" data-id=\"8c2d485\" data-element_type=\"widget\" data-widget_type=\"divider.default\">\n\t\t\t\t<div class=\"elementor-widget-container\">\n\t\t\t\t\t\t\t<div class=\"elementor-divider\">\n\t\t\t<span class=\"elementor-divider-separator\">\n\t\t\t\t\t\t<\/span>\n\t\t<\/div>\n\t\t\t\t\t\t<\/div>\n\t\t\t\t<\/div>\n\t\t\t\t\t<\/div>\n\t\t\t\t<\/div>\n\t\t<div class=\"elementor-element elementor-element-0146370 e-flex e-con-boxed e-con e-parent\" data-id=\"0146370\" data-element_type=\"container\">\n\t\t\t\t\t<div class=\"e-con-inner\">\n\t\t\t\t<div class=\"elementor-element elementor-element-efaea8e elementor-widget__width-inherit elementor-widget-tablet__width-inherit elementor-widget elementor-widget-image-box\" data-id=\"efaea8e\" data-element_type=\"widget\" data-widget_type=\"image-box.default\">\n\t\t\t\t<div class=\"elementor-widget-container\">\n\t\t\t\t\t<div class=\"elementor-image-box-wrapper\"><div class=\"elementor-image-box-content\"><h3 class=\"elementor-image-box-title\">Nos siga nas Redes Sociais<\/h3><\/div><\/div>\t\t\t\t<\/div>\n\t\t\t\t<\/div>\n\t\t\t\t<div class=\"elementor-element elementor-element-a45838b elementor-shape-circle elementor-grid-0 e-grid-align-center elementor-widget elementor-widget-social-icons\" data-id=\"a45838b\" data-element_type=\"widget\" data-widget_type=\"social-icons.default\">\n\t\t\t\t<div class=\"elementor-widget-container\">\n\t\t\t\t\t\t\t<div class=\"elementor-social-icons-wrapper elementor-grid\" role=\"list\">\n\t\t\t\t\t\t\t<span class=\"elementor-grid-item\" role=\"listitem\">\n\t\t\t\t\t<a class=\"elementor-icon elementor-social-icon elementor-social-icon-linkedin elementor-repeater-item-9e212fa\" href=\"https:\/\/www.linkedin.com\/company\/lysacademy\/\" target=\"_blank\" rel=\"noopener\">\n\t\t\t\t\t\t<span class=\"elementor-screen-only\">Linkedin<\/span>\n\t\t\t\t\t\t<svg aria-hidden=\"true\" class=\"e-font-icon-svg e-fab-linkedin\" viewBox=\"0 0 448 512\" xmlns=\"http:\/\/www.w3.org\/2000\/svg\"><path d=\"M416 32H31.9C14.3 32 0 46.5 0 64.3v383.4C0 465.5 14.3 480 31.9 480H416c17.6 0 32-14.5 32-32.3V64.3c0-17.8-14.4-32.3-32-32.3zM135.4 416H69V202.2h66.5V416zm-33.2-243c-21.3 0-38.5-17.3-38.5-38.5S80.9 96 102.2 96c21.2 0 38.5 17.3 38.5 38.5 0 21.3-17.2 38.5-38.5 38.5zm282.1 243h-66.4V312c0-24.8-.5-56.7-34.5-56.7-34.6 0-39.9 27-39.9 54.9V416h-66.4V202.2h63.7v29.2h.9c8.9-16.8 30.6-34.5 62.9-34.5 67.2 0 79.7 44.3 79.7 101.9V416z\"><\/path><\/svg>\t\t\t\t\t<\/a>\n\t\t\t\t<\/span>\n\t\t\t\t\t\t\t<span class=\"elementor-grid-item\" role=\"listitem\">\n\t\t\t\t\t<a class=\"elementor-icon elementor-social-icon elementor-social-icon-instagram elementor-repeater-item-3b05ec5\" href=\"https:\/\/www.instagram.com\/www.lys.academy\/\" target=\"_blank\">\n\t\t\t\t\t\t<span class=\"elementor-screen-only\">Instagram<\/span>\n\t\t\t\t\t\t<svg aria-hidden=\"true\" class=\"e-font-icon-svg e-fab-instagram\" viewBox=\"0 0 448 512\" xmlns=\"http:\/\/www.w3.org\/2000\/svg\"><path d=\"M224.1 141c-63.6 0-114.9 51.3-114.9 114.9s51.3 114.9 114.9 114.9S339 319.5 339 255.9 287.7 141 224.1 141zm0 189.6c-41.1 0-74.7-33.5-74.7-74.7s33.5-74.7 74.7-74.7 74.7 33.5 74.7 74.7-33.6 74.7-74.7 74.7zm146.4-194.3c0 14.9-12 26.8-26.8 26.8-14.9 0-26.8-12-26.8-26.8s12-26.8 26.8-26.8 26.8 12 26.8 26.8zm76.1 27.2c-1.7-35.9-9.9-67.7-36.2-93.9-26.2-26.2-58-34.4-93.9-36.2-37-2.1-147.9-2.1-184.9 0-35.8 1.7-67.6 9.9-93.9 36.1s-34.4 58-36.2 93.9c-2.1 37-2.1 147.9 0 184.9 1.7 35.9 9.9 67.7 36.2 93.9s58 34.4 93.9 36.2c37 2.1 147.9 2.1 184.9 0 35.9-1.7 67.7-9.9 93.9-36.2 26.2-26.2 34.4-58 36.2-93.9 2.1-37 2.1-147.8 0-184.8zM398.8 388c-7.8 19.6-22.9 34.7-42.6 42.6-29.5 11.7-99.5 9-132.1 9s-102.7 2.6-132.1-9c-19.6-7.8-34.7-22.9-42.6-42.6-11.7-29.5-9-99.5-9-132.1s-2.6-102.7 9-132.1c7.8-19.6 22.9-34.7 42.6-42.6 29.5-11.7 99.5-9 132.1-9s102.7-2.6 132.1 9c19.6 7.8 34.7 22.9 42.6 42.6 11.7 29.5 9 99.5 9 132.1s2.7 102.7-9 132.1z\"><\/path><\/svg>\t\t\t\t\t<\/a>\n\t\t\t\t<\/span>\n\t\t\t\t\t\t\t<span class=\"elementor-grid-item\" role=\"listitem\">\n\t\t\t\t\t<a class=\"elementor-icon elementor-social-icon elementor-social-icon-youtube elementor-repeater-item-25094d0\" href=\"https:\/\/www.youtube.com\/channel\/UClFMYUd8_Nt28Oyz0KswFtg\" target=\"_blank\" rel=\"noopener\">\n\t\t\t\t\t\t<span class=\"elementor-screen-only\">Youtube<\/span>\n\t\t\t\t\t\t<svg aria-hidden=\"true\" class=\"e-font-icon-svg e-fab-youtube\" viewBox=\"0 0 576 512\" xmlns=\"http:\/\/www.w3.org\/2000\/svg\"><path d=\"M549.655 124.083c-6.281-23.65-24.787-42.276-48.284-48.597C458.781 64 288 64 288 64S117.22 64 74.629 75.486c-23.497 6.322-42.003 24.947-48.284 48.597-11.412 42.867-11.412 132.305-11.412 132.305s0 89.438 11.412 132.305c6.281 23.65 24.787 41.5 48.284 47.821C117.22 448 288 448 288 448s170.78 0 213.371-11.486c23.497-6.321 42.003-24.171 48.284-47.821 11.412-42.867 11.412-132.305 11.412-132.305s0-89.438-11.412-132.305zm-317.51 213.508V175.185l142.739 81.205-142.739 81.201z\"><\/path><\/svg>\t\t\t\t\t<\/a>\n\t\t\t\t<\/span>\n\t\t\t\t\t\t\t<span class=\"elementor-grid-item\" role=\"listitem\">\n\t\t\t\t\t<a class=\"elementor-icon elementor-social-icon elementor-social-icon-facebook elementor-repeater-item-894454c\" href=\"https:\/\/www.facebook.com\/www.lys.academy\" target=\"_blank\">\n\t\t\t\t\t\t<span class=\"elementor-screen-only\">Facebook<\/span>\n\t\t\t\t\t\t<svg aria-hidden=\"true\" class=\"e-font-icon-svg e-fab-facebook\" viewBox=\"0 0 512 512\" xmlns=\"http:\/\/www.w3.org\/2000\/svg\"><path d=\"M504 256C504 119 393 8 256 8S8 119 8 256c0 123.78 90.69 226.38 209.25 245V327.69h-63V256h63v-54.64c0-62.15 37-96.48 93.67-96.48 27.14 0 55.52 4.84 55.52 4.84v61h-31.28c-30.8 0-40.41 19.12-40.41 38.73V256h68.78l-11 71.69h-57.78V501C413.31 482.38 504 379.78 504 256z\"><\/path><\/svg>\t\t\t\t\t<\/a>\n\t\t\t\t<\/span>\n\t\t\t\t\t<\/div>\n\t\t\t\t\t\t<\/div>\n\t\t\t\t<\/div>\n\t\t\t\t\t<\/div>\n\t\t\t\t<\/div>\n\t\t\t\t<\/div>\n\t\t","protected":false},"excerpt":{"rendered":"<p>Contato Lys Academy Brasil icon1 WhatsApp (11) 98512-0202 icon2 E-mail comercial@www.lys.academy icon2 Endere\u00e7o Rua M\u00e1rio de Alencar 239, Vila Madalena. CEP 05436-090 \u2013 S\u00e3o Paulo \u2013 Brasil Lys Academy M\u00e9xico icon1 WhatsApp (52) 15579062338 icon2 E-mail comercial.mx@www.lys.academy icon2 Endere\u00e7o Av. San Bernab\u00e9 906, San Jer\u00f3nimo L\u00eddice. CP 10200 \u2013 Ciudad de M\u00e9xico \u2013 M\u00e9xico Nos [&hellip;]<\/p>\n","protected":false},"author":1,"featured_media":0,"parent":0,"menu_order":0,"comment_status":"closed","ping_status":"closed","template":"elementor_header_footer","meta":{"footnotes":""},"class_list":["post-481","page","type-page","status-publish","hentry"],"_links":{"self":[{"href":"https:\/\/www.lys.academy\/site\/wp-json\/wp\/v2\/pages\/481","targetHints":{"allow":["GET"]}}],"collection":[{"href":"https:\/\/www.lys.academy\/site\/wp-json\/wp\/v2\/pages"}],"about":[{"href":"https:\/\/www.lys.academy\/site\/wp-json\/wp\/v2\/types\/page"}],"author":[{"embeddable":true,"href":"https:\/\/www.lys.academy\/site\/wp-json\/wp\/v2\/users\/1"}],"replies":[{"embeddable":true,"href":"https:\/\/www.lys.academy\/site\/wp-json\/wp\/v2\/comments?post=481"}],"version-history":[{"count":1,"href":"https:\/\/www.lys.academy\/site\/wp-json\/wp\/v2\/pages\/481\/revisions"}],"predecessor-version":[{"id":1026,"href":"https:\/\/www.lys.academy\/site\/wp-json\/wp\/v2\/pages\/481\/revisions\/1026"}],"wp:attachment":[{"href":"https:\/\/www.lys.academy\/site\/wp-json\/wp\/v2\/media?parent=481"}],"curies":[{"name":"wp","href":"https:\/\/api.w.org\/{rel}","templated":true}]}}